{"id":63,"date":"2018-02-20T10:04:31","date_gmt":"2018-02-20T13:04:31","guid":{"rendered":"http:\/\/www.studdiobagni.com.br\/site\/?page_id=63"},"modified":"2018-05-18T09:02:21","modified_gmt":"2018-05-18T12:02:21","slug":"testando","status":"publish","type":"page","link":"https:\/\/www.studdiobagni.com.br\/site\/","title":{"rendered":""},"content":{"rendered":"<div id=\"pl-63\"  class=\"panel-layout\" ><div id=\"pg-63-0\"  class=\"panel-grid panel-has-style\" ><div class=\"siteorigin-panels-stretch panel-row-style panel-row-style-for-63-0\" data-stretch-type=\"full\" ><div id=\"pgc-63-0-0\"  class=\"panel-grid-cell\" ><div id=\"panel-63-0-0-0\" class=\"so-panel widget widget_sow-slider panel-first-child panel-last-child\" data-index=\"0\" ><div class=\"panel-widget-style panel-widget-style-for-63-0-0-0\" ><div class=\"so-widget-sow-slider so-widget-sow-slider-default-abf3e628296a\"><div class=\"sow-slider-base \" style=\"display: none\"><ul class=\"sow-slider-images\" data-settings=\"{&quot;pagination&quot;:true,&quot;speed&quot;:800,&quot;timeout&quot;:7000,&quot;swipe&quot;:true}\">\t\t<li class=\"sow-slider-image  sow-slider-image-tile\" style=\"background-image: url(https:\/\/www.studdiobagni.com.br\/site\/wp-content\/uploads\/2018\/02\/logo-animada-1140x400-.gif)\" >\n\t\t\t\t\t\t\t\t\t<img loading=\"lazy\" decoding=\"async\" width=\"1140\" height=\"400\" src=\"https:\/\/www.studdiobagni.com.br\/site\/wp-content\/uploads\/2018\/02\/logo-animada-1140x400-.gif\" class=\"attachment-full size-full\" alt=\"\" \/>\t\t\t\t\t\t\t\t<\/li>\n\t\t\t\t<li class=\"sow-slider-image  sow-slider-image-tile\" style=\"background-image: url(https:\/\/www.studdiobagni.com.br\/site\/wp-content\/uploads\/2018\/02\/cuba_sb0077.png)\" >\n\t\t\t\t\t\t\t\t\t<img loading=\"lazy\" decoding=\"async\" width=\"1140\" height=\"557\" src=\"https:\/\/www.studdiobagni.com.br\/site\/wp-content\/uploads\/2018\/02\/cuba_sb0077.png\" class=\"attachment-full size-full\" alt=\"\" srcset=\"https:\/\/www.studdiobagni.com.br\/site\/wp-content\/uploads\/2018\/02\/cuba_sb0077.png 1140w, https:\/\/www.studdiobagni.com.br\/site\/wp-content\/uploads\/2018\/02\/cuba_sb0077-300x147.png 300w, https:\/\/www.studdiobagni.com.br\/site\/wp-content\/uploads\/2018\/02\/cuba_sb0077-768x375.png 768w, https:\/\/www.studdiobagni.com.br\/site\/wp-content\/uploads\/2018\/02\/cuba_sb0077-1024x500.png 1024w\" sizes=\"auto, (max-width: 1140px) 100vw, 1140px\" \/>\t\t\t\t\t\t\t\t<\/li>\n\t\t\t\t<li class=\"sow-slider-image  sow-slider-image-cover\" style=\"background-image: url(https:\/\/www.studdiobagni.com.br\/site\/wp-content\/uploads\/2018\/05\/banheira_slide.jpg)\" >\n\t\t\t\t\t\t\t\t\t<img loading=\"lazy\" decoding=\"async\" width=\"1140\" height=\"557\" src=\"https:\/\/www.studdiobagni.com.br\/site\/wp-content\/uploads\/2018\/05\/banheira_slide.jpg\" class=\"attachment-full size-full\" alt=\"\" srcset=\"https:\/\/www.studdiobagni.com.br\/site\/wp-content\/uploads\/2018\/05\/banheira_slide.jpg 1140w, https:\/\/www.studdiobagni.com.br\/site\/wp-content\/uploads\/2018\/05\/banheira_slide-300x147.jpg 300w, https:\/\/www.studdiobagni.com.br\/site\/wp-content\/uploads\/2018\/05\/banheira_slide-768x375.jpg 768w, https:\/\/www.studdiobagni.com.br\/site\/wp-content\/uploads\/2018\/05\/banheira_slide-1024x500.jpg 1024w\" sizes=\"auto, (max-width: 1140px) 100vw, 1140px\" \/>\t\t\t\t\t\t\t\t<\/li>\n\t\t\t\t<li class=\"sow-slider-image  sow-slider-image-cover\" style=\"background-image: url(https:\/\/www.studdiobagni.com.br\/site\/wp-content\/uploads\/2018\/02\/cuba_sb458.png)\" >\n\t\t\t\t\t\t\t\t\t<img loading=\"lazy\" decoding=\"async\" width=\"1140\" height=\"557\" src=\"https:\/\/www.studdiobagni.com.br\/site\/wp-content\/uploads\/2018\/02\/cuba_sb458.png\" class=\"attachment-full size-full\" alt=\"\" srcset=\"https:\/\/www.studdiobagni.com.br\/site\/wp-content\/uploads\/2018\/02\/cuba_sb458.png 1140w, https:\/\/www.studdiobagni.com.br\/site\/wp-content\/uploads\/2018\/02\/cuba_sb458-300x147.png 300w, https:\/\/www.studdiobagni.com.br\/site\/wp-content\/uploads\/2018\/02\/cuba_sb458-768x375.png 768w, https:\/\/www.studdiobagni.com.br\/site\/wp-content\/uploads\/2018\/02\/cuba_sb458-1024x500.png 1024w\" sizes=\"auto, (max-width: 1140px) 100vw, 1140px\" \/>\t\t\t\t\t\t\t\t<\/li>\n\t\t\t\t<li class=\"sow-slider-image  sow-slider-image-cover\" style=\"background-image: url(https:\/\/www.studdiobagni.com.br\/site\/wp-content\/uploads\/2018\/02\/cuba_sb230-1.png)\" >\n\t\t\t\t\t\t\t\t\t<img loading=\"lazy\" decoding=\"async\" width=\"1140\" height=\"557\" src=\"https:\/\/www.studdiobagni.com.br\/site\/wp-content\/uploads\/2018\/02\/cuba_sb230-1.png\" class=\"attachment-full size-full\" alt=\"\" srcset=\"https:\/\/www.studdiobagni.com.br\/site\/wp-content\/uploads\/2018\/02\/cuba_sb230-1.png 1140w, https:\/\/www.studdiobagni.com.br\/site\/wp-content\/uploads\/2018\/02\/cuba_sb230-1-300x147.png 300w, https:\/\/www.studdiobagni.com.br\/site\/wp-content\/uploads\/2018\/02\/cuba_sb230-1-768x375.png 768w, https:\/\/www.studdiobagni.com.br\/site\/wp-content\/uploads\/2018\/02\/cuba_sb230-1-1024x500.png 1024w\" sizes=\"auto, (max-width: 1140px) 100vw, 1140px\" \/>\t\t\t\t\t\t\t\t<\/li>\n\t\t\t\t<li class=\"sow-slider-image  sow-slider-image-cover\" style=\"background-image: url(https:\/\/www.studdiobagni.com.br\/site\/wp-content\/uploads\/2018\/02\/fachada-slide.png)\" >\n\t\t\t\t\t\t\t\t\t<img loading=\"lazy\" decoding=\"async\" width=\"1140\" height=\"557\" src=\"https:\/\/www.studdiobagni.com.br\/site\/wp-content\/uploads\/2018\/02\/fachada-slide.png\" class=\"attachment-full size-full\" alt=\"\" srcset=\"https:\/\/www.studdiobagni.com.br\/site\/wp-content\/uploads\/2018\/02\/fachada-slide.png 1140w, https:\/\/www.studdiobagni.com.br\/site\/wp-content\/uploads\/2018\/02\/fachada-slide-300x147.png 300w, https:\/\/www.studdiobagni.com.br\/site\/wp-content\/uploads\/2018\/02\/fachada-slide-768x375.png 768w, https:\/\/www.studdiobagni.com.br\/site\/wp-content\/uploads\/2018\/02\/fachada-slide-1024x500.png 1024w\" sizes=\"auto, (max-width: 1140px) 100vw, 1140px\" \/>\t\t\t\t\t\t\t\t<\/li>\n\t\t\t\t<li class=\"sow-slider-image\" style=\"\" >\n\t\t\t\t\t\t\t\t\t\t\t\t\t\t\t\t\t<\/li>\n\t\t<\/ul>\t\t\t\t<ol class=\"sow-slider-pagination\">\n\t\t\t\t\t\t\t\t\t\t\t<li><a href=\"#\" data-goto=\"0\">1<\/a><\/li>\n\t\t\t\t\t\t\t\t\t\t\t<li><a href=\"#\" data-goto=\"1\">2<\/a><\/li>\n\t\t\t\t\t\t\t\t\t\t\t<li><a href=\"#\" data-goto=\"2\">3<\/a><\/li>\n\t\t\t\t\t\t\t\t\t\t\t<li><a href=\"#\" data-goto=\"3\">4<\/a><\/li>\n\t\t\t\t\t\t\t\t\t\t\t<li><a href=\"#\" data-goto=\"4\">5<\/a><\/li>\n\t\t\t\t\t\t\t\t\t\t\t<li><a href=\"#\" data-goto=\"5\">6<\/a><\/li>\n\t\t\t\t\t\t\t\t\t\t\t<li><a href=\"#\" data-goto=\"6\">7<\/a><\/li>\n\t\t\t\t\t\t\t\t\t<\/ol>\n\n\t\t\t\t<div class=\"sow-slide-nav sow-slide-nav-next\">\n\t\t\t\t\t<a href=\"#\" data-goto=\"next\" data-action=\"next\">\n\t\t\t\t\t\t<em class=\"sow-sld-icon-thin-right\"><\/em>\n\t\t\t\t\t<\/a>\n\t\t\t\t<\/div>\n\n\t\t\t\t<div class=\"sow-slide-nav sow-slide-nav-prev\">\n\t\t\t\t\t<a href=\"#\" data-goto=\"previous\" data-action=\"prev\">\n\t\t\t\t\t\t<em class=\"sow-sld-icon-thin-left\"><\/em>\n\t\t\t\t\t<\/a>\n\t\t\t\t<\/div>\n\t\t\t\t<\/div><\/div><\/div><\/div><\/div><\/div><\/div><div id=\"pg-63-1\"  class=\"panel-grid panel-has-style\" ><div class=\"siteorigin-panels-stretch panel-row-style panel-row-style-for-63-1\" data-stretch-type=\"full\" ><div id=\"pgc-63-1-0\"  class=\"panel-grid-cell\" ><div id=\"panel-63-1-0-0\" class=\"so-panel widget widget_sow-editor panel-first-child panel-last-child\" data-index=\"1\" ><div class=\"so-widget-sow-editor so-widget-sow-editor-base\">\n<div class=\"siteorigin-widget-tinymce textwidget\">\n\t<blockquote>\n<strong>Inspire-se<\/strong> com a beleza e a versatilidade de produtos que acompanham as tend\u00eancias do design moderno e funcional, proporcionando beleza, harmonia e inova\u00e7\u00e3o.\n\n\n<\/blockquote><\/div>\n<\/div><\/div><\/div><\/div><\/div><div id=\"pg-63-2\"  class=\"panel-grid panel-has-style\" ><div class=\"siteorigin-panels-stretch panel-row-style panel-row-style-for-63-2\" data-stretch-type=\"full\" ><div id=\"pgc-63-2-0\"  class=\"panel-grid-cell\" ><div id=\"panel-63-2-0-0\" class=\"so-panel widget widget_sow-editor panel-first-child\" data-index=\"2\" ><div class=\"so-widget-sow-editor so-widget-sow-editor-base\">\n<div class=\"siteorigin-widget-tinymce textwidget\">\n\t<h1><span style=\"color: #ffffff;\">BEL\u00cdSSIMAS<\/span><\/h1>\n<span style=\"color: #ffffff;\">Cl\u00e1ssicas ou modernas, <strong>Studdio Bagn<\/strong>i tem modelos de banheiras assinados por designs reconhecidos mundialmente.\u00a0 Os mais renomados arquitetos incluem em seus projetos os modelos comercializados em nossa loja. Visite o show room ou acesse \"produtos\" no menu principal. Voc\u00ea ainda pode conhecer projetos incr\u00edveis na sess\u00e3o \"inspire-se\".<\/span><\/div>\n<\/div><\/div><div id=\"panel-63-2-0-1\" class=\"so-panel widget widget_sow-button panel-last-child\" data-index=\"3\" ><div class=\"so-widget-sow-button so-widget-sow-button-wire-f3d719aa71e4\"><div class=\"ow-button-base ow-button-align-left\">\n\t<a href=\"http:\/\/www.studdiobagni.com.br\/site\/inspire-se\/\" class=\"ow-icon-placement-left ow-button-hover\" \t\t>\n\t\t<span>\n\t\t\t\n\t\t\tINSPIRE-SE\t\t<\/span>\n\t<\/a>\n<\/div>\n<\/div><\/div><\/div><div id=\"pgc-63-2-1\"  class=\"panel-grid-cell\" ><div id=\"panel-63-2-1-0\" class=\"so-panel widget widget_sow-image panel-first-child panel-last-child\" data-index=\"4\" ><div class=\"so-widget-sow-image so-widget-sow-image-default-813df796d9b1\">\n\n<div class=\"sow-image-container\">\n\t<img loading=\"lazy\" decoding=\"async\" src=\"https:\/\/www.studdiobagni.com.br\/site\/wp-content\/uploads\/2018\/02\/banheira-amalfi.png\" width=\"1588\" height=\"978\" srcset=\"https:\/\/www.studdiobagni.com.br\/site\/wp-content\/uploads\/2018\/02\/banheira-amalfi.png 1588w, https:\/\/www.studdiobagni.com.br\/site\/wp-content\/uploads\/2018\/02\/banheira-amalfi-300x185.png 300w, https:\/\/www.studdiobagni.com.br\/site\/wp-content\/uploads\/2018\/02\/banheira-amalfi-768x473.png 768w, https:\/\/www.studdiobagni.com.br\/site\/wp-content\/uploads\/2018\/02\/banheira-amalfi-1024x631.png 1024w\" sizes=\"auto, (max-width: 1588px) 100vw, 1588px\" \t\tclass=\"so-widget-image\"\/>\n<\/div>\n\n<\/div><\/div><\/div><\/div><\/div><div id=\"pg-63-3\"  class=\"panel-grid panel-has-style\" ><div class=\"siteorigin-panels-stretch panel-row-style panel-row-style-for-63-3\" data-stretch-type=\"full\" ><div id=\"pgc-63-3-0\"  class=\"panel-grid-cell\" ><div id=\"panel-63-3-0-0\" class=\"so-panel widget widget_sow-image panel-first-child panel-last-child\" data-index=\"5\" ><div class=\"so-widget-sow-image so-widget-sow-image-default-813df796d9b1\">\n\n<div class=\"sow-image-container\">\n\t<img loading=\"lazy\" decoding=\"async\" src=\"https:\/\/www.studdiobagni.com.br\/site\/wp-content\/uploads\/2018\/05\/detalhes.png\" width=\"1000\" height=\"616\" srcset=\"https:\/\/www.studdiobagni.com.br\/site\/wp-content\/uploads\/2018\/05\/detalhes.png 1000w, https:\/\/www.studdiobagni.com.br\/site\/wp-content\/uploads\/2018\/05\/detalhes-300x185.png 300w, https:\/\/www.studdiobagni.com.br\/site\/wp-content\/uploads\/2018\/05\/detalhes-768x473.png 768w\" sizes=\"auto, (max-width: 1000px) 100vw, 1000px\" \t\tclass=\"so-widget-image\"\/>\n<\/div>\n\n<\/div><\/div><\/div><div id=\"pgc-63-3-1\"  class=\"panel-grid-cell\" ><div id=\"panel-63-3-1-0\" class=\"so-panel widget widget_sow-editor panel-first-child\" data-index=\"6\" ><div class=\"so-widget-sow-editor so-widget-sow-editor-base\">\n<div class=\"siteorigin-widget-tinymce textwidget\">\n\t<h1><span style=\"color: black;\">DETALHES<\/span><\/h1>\n<span style=\"color: #333333;\">A decora\u00e7\u00e3o \u00e9 t\u00e3o importante quanto o projeto. O cuidado na escolha de acess\u00f3rios que valorizam seu investimento e proporcionam conforto \u00e9 indispens\u00e1vel. <strong>Studdio Bagni<\/strong> tem uma linha completa de acess\u00f3rios para decora\u00e7\u00e3o e praticidade de seu banheiro ou lavabo. <\/span>\n\n<\/div>\n<\/div><\/div><div id=\"panel-63-3-1-1\" class=\"so-panel widget widget_sow-button panel-last-child\" data-index=\"7\" ><div class=\"so-widget-sow-button so-widget-sow-button-wire-f94a0f44a242\"><div class=\"ow-button-base ow-button-align-left\">\n\t<a href=\"http:\/\/www.studdiobagni.com.br\/site\/decoracao\/\" class=\"ow-icon-placement-left ow-button-hover\" \t\t>\n\t\t<span>\n\t\t\t\n\t\t\tQUERO SABER MAIS\t\t<\/span>\n\t<\/a>\n<\/div>\n<\/div><\/div><\/div><\/div><\/div><div id=\"pg-63-4\"  class=\"panel-grid panel-has-style\" ><div class=\"siteorigin-panels-stretch panel-row-style panel-row-style-for-63-4\" data-stretch-type=\"full\" ><div id=\"pgc-63-4-0\"  class=\"panel-grid-cell\" ><div id=\"panel-63-4-0-0\" class=\"so-panel widget widget_sow-editor panel-first-child\" data-index=\"8\" ><div class=\"so-widget-sow-editor so-widget-sow-editor-base\">\n<div class=\"siteorigin-widget-tinymce textwidget\">\n\t<h1><span style=\"color: #ffffff;\">SOFISTICADAS<\/span><\/h1>\n<span style=\"color: #ffffff;\">A sofistica\u00e7\u00e3o e eleg\u00e2ncia de cubas proporcionam aos projetos n\u00e3o apenas o requinte necess\u00e1rio, mas tamb\u00e9m conforto e praticidade. Redondas, ovais, retangulares e mesmo feitas \u00e0 m\u00e3o, <b>Studdio Bagni<\/b> tem linhas exclusivas, artesanais ou industriais que tornar\u00e3o seu ambiente perfeito.<\/span>\n\n<\/div>\n<\/div><\/div><div id=\"panel-63-4-0-1\" class=\"so-panel widget widget_sow-button panel-last-child\" data-index=\"9\" ><div class=\"so-widget-sow-button so-widget-sow-button-wire-f3d719aa71e4\"><div class=\"ow-button-base ow-button-align-left\">\n\t<a href=\"http:\/\/www.studdiobagni.com.br\/site\/cubas-lavatorios\/\" class=\"ow-icon-placement-left ow-button-hover\" \t\t>\n\t\t<span>\n\t\t\t\n\t\t\tQUERO SABER MAIS\t\t<\/span>\n\t<\/a>\n<\/div>\n<\/div><\/div><\/div><div id=\"pgc-63-4-1\"  class=\"panel-grid-cell\" ><div id=\"panel-63-4-1-0\" class=\"so-panel widget widget_sow-image panel-first-child panel-last-child\" data-index=\"10\" ><div class=\"so-widget-sow-image so-widget-sow-image-default-813df796d9b1\">\n\n<div class=\"sow-image-container\">\n\t<img loading=\"lazy\" decoding=\"async\" src=\"https:\/\/www.studdiobagni.com.br\/site\/wp-content\/uploads\/2018\/02\/cubas-douradas.png\" width=\"1588\" height=\"978\" srcset=\"https:\/\/www.studdiobagni.com.br\/site\/wp-content\/uploads\/2018\/02\/cubas-douradas.png 1588w, https:\/\/www.studdiobagni.com.br\/site\/wp-content\/uploads\/2018\/02\/cubas-douradas-300x185.png 300w, https:\/\/www.studdiobagni.com.br\/site\/wp-content\/uploads\/2018\/02\/cubas-douradas-768x473.png 768w, https:\/\/www.studdiobagni.com.br\/site\/wp-content\/uploads\/2018\/02\/cubas-douradas-1024x631.png 1024w\" sizes=\"auto, (max-width: 1588px) 100vw, 1588px\" \t\tclass=\"so-widget-image\"\/>\n<\/div>\n\n<\/div><\/div><\/div><\/div><\/div><div id=\"pg-63-5\"  class=\"panel-grid panel-has-style\" ><div class=\"siteorigin-panels-stretch panel-row-style panel-row-style-for-63-5\" data-stretch-type=\"full\" ><div id=\"pgc-63-5-0\"  class=\"panel-grid-cell\" ><div id=\"panel-63-5-0-0\" class=\"so-panel widget widget_sow-image panel-first-child panel-last-child\" data-index=\"11\" ><div class=\"so-widget-sow-image so-widget-sow-image-default-2b1fadbace82\">\n\n<div class=\"sow-image-container\">\n\t<img loading=\"lazy\" decoding=\"async\" src=\"https:\/\/www.studdiobagni.com.br\/site\/wp-content\/uploads\/2018\/02\/misturadores-1.jpg\" width=\"1588\" height=\"978\" srcset=\"https:\/\/www.studdiobagni.com.br\/site\/wp-content\/uploads\/2018\/02\/misturadores-1.jpg 1588w, https:\/\/www.studdiobagni.com.br\/site\/wp-content\/uploads\/2018\/02\/misturadores-1-300x185.jpg 300w, https:\/\/www.studdiobagni.com.br\/site\/wp-content\/uploads\/2018\/02\/misturadores-1-768x473.jpg 768w, https:\/\/www.studdiobagni.com.br\/site\/wp-content\/uploads\/2018\/02\/misturadores-1-1024x631.jpg 1024w\" sizes=\"auto, (max-width: 1588px) 100vw, 1588px\" title=\"misturadores\" \t\tclass=\"so-widget-image\"\/>\n<\/div>\n\n<\/div><\/div><\/div><div id=\"pgc-63-5-1\"  class=\"panel-grid-cell\" ><div id=\"panel-63-5-1-0\" class=\"so-panel widget widget_sow-editor panel-first-child\" data-index=\"12\" ><div class=\"so-widget-sow-editor so-widget-sow-editor-base\">\n<div class=\"siteorigin-widget-tinymce textwidget\">\n\t<h1><span style=\"color: #000000;\">METAIS<\/span><\/h1>\n<span style=\"color: #333333;\">Misturadores mono e bicomandos, torneiras, toalheiros, acess\u00f3rios e muito mais em uma completa linha de metais para seu banheiro. Solicite or\u00e7amento ou venha fazer uma visita ao nosso show room e conhe\u00e7a as novidades.<\/span>\n\n<\/div>\n<\/div><\/div><div id=\"panel-63-5-1-1\" class=\"so-panel widget widget_sow-button panel-last-child\" data-index=\"13\" ><div class=\"so-widget-sow-button so-widget-sow-button-wire-f94a0f44a242\"><div class=\"ow-button-base ow-button-align-left\">\n\t<a href=\"http:\/\/www.studdiobagni.com.br\/site\/metais\/\" class=\"ow-icon-placement-left ow-button-hover\" \t\t>\n\t\t<span>\n\t\t\t\n\t\t\tQUERO SABER MAIS\t\t<\/span>\n\t<\/a>\n<\/div>\n<\/div><\/div><\/div><\/div><\/div><div id=\"pg-63-6\"  class=\"panel-grid panel-has-style\" ><div class=\"siteorigin-panels-stretch panel-row-style panel-row-style-for-63-6\" data-stretch-type=\"full\" ><div id=\"pgc-63-6-0\"  class=\"panel-grid-cell\" ><div id=\"panel-63-6-0-0\" class=\"so-panel widget widget_sow-editor panel-first-child panel-last-child\" data-index=\"14\" ><div class=\"panel-widget-style panel-widget-style-for-63-6-0-0\" ><div class=\"so-widget-sow-editor so-widget-sow-editor-base\">\n<div class=\"siteorigin-widget-tinymce textwidget\">\n\t<p><span style=\"color: #ffffff;\"><strong><br \/>\nGRANDES MARCAS<\/strong><\/span><\/p>\n<\/div>\n<\/div><\/div><\/div><\/div><\/div><\/div><div id=\"pg-63-7\"  class=\"panel-grid panel-has-style\" ><div class=\"siteorigin-panels-stretch panel-row-style panel-row-style-for-63-7\" data-stretch-type=\"full\" ><div id=\"pgc-63-7-0\"  class=\"panel-grid-cell\" ><div id=\"panel-63-7-0-0\" class=\"so-panel widget widget_sow-image panel-first-child\" data-index=\"15\" ><div class=\"panel-widget-style panel-widget-style-for-63-7-0-0\" ><div class=\"so-widget-sow-image so-widget-sow-image-default-813df796d9b1\">\n\n<div class=\"sow-image-container\">\n\t<img loading=\"lazy\" decoding=\"async\" src=\"https:\/\/www.studdiobagni.com.br\/site\/wp-content\/uploads\/2018\/02\/szpilman.png\" width=\"500\" height=\"220\" srcset=\"https:\/\/www.studdiobagni.com.br\/site\/wp-content\/uploads\/2018\/02\/szpilman.png 500w, https:\/\/www.studdiobagni.com.br\/site\/wp-content\/uploads\/2018\/02\/szpilman-300x132.png 300w\" sizes=\"auto, (max-width: 500px) 100vw, 500px\" \t\tclass=\"so-widget-image\"\/>\n<\/div>\n\n<\/div><\/div><\/div><div id=\"panel-63-7-0-1\" class=\"so-panel widget widget_sow-image panel-last-child\" data-index=\"16\" ><div class=\"panel-widget-style panel-widget-style-for-63-7-0-1\" ><div class=\"so-widget-sow-image so-widget-sow-image-default-813df796d9b1\">\n\n<div class=\"sow-image-container\">\n\t<img loading=\"lazy\" decoding=\"async\" src=\"https:\/\/www.studdiobagni.com.br\/site\/wp-content\/uploads\/2018\/02\/kromma.png\" width=\"500\" height=\"220\" srcset=\"https:\/\/www.studdiobagni.com.br\/site\/wp-content\/uploads\/2018\/02\/kromma.png 500w, https:\/\/www.studdiobagni.com.br\/site\/wp-content\/uploads\/2018\/02\/kromma-300x132.png 300w\" sizes=\"auto, (max-width: 500px) 100vw, 500px\" \t\tclass=\"so-widget-image\"\/>\n<\/div>\n\n<\/div><\/div><\/div><\/div><div id=\"pgc-63-7-1\"  class=\"panel-grid-cell\" ><div id=\"panel-63-7-1-0\" class=\"so-panel widget widget_sow-image panel-first-child\" data-index=\"17\" ><div class=\"panel-widget-style panel-widget-style-for-63-7-1-0\" ><div class=\"so-widget-sow-image so-widget-sow-image-default-813df796d9b1\">\n\n<div class=\"sow-image-container\">\n\t<img loading=\"lazy\" decoding=\"async\" src=\"https:\/\/www.studdiobagni.com.br\/site\/wp-content\/uploads\/2018\/02\/crismoe.png\" width=\"500\" height=\"220\" srcset=\"https:\/\/www.studdiobagni.com.br\/site\/wp-content\/uploads\/2018\/02\/crismoe.png 500w, https:\/\/www.studdiobagni.com.br\/site\/wp-content\/uploads\/2018\/02\/crismoe-300x132.png 300w\" sizes=\"auto, (max-width: 500px) 100vw, 500px\" \t\tclass=\"so-widget-image\"\/>\n<\/div>\n\n<\/div><\/div><\/div><div id=\"panel-63-7-1-1\" class=\"so-panel widget widget_sow-image panel-last-child\" data-index=\"18\" ><div class=\"panel-widget-style panel-widget-style-for-63-7-1-1\" ><div class=\"so-widget-sow-image so-widget-sow-image-default-813df796d9b1\">\n\n<div class=\"sow-image-container\">\n\t<img loading=\"lazy\" decoding=\"async\" src=\"https:\/\/www.studdiobagni.com.br\/site\/wp-content\/uploads\/2018\/02\/rogeart.png\" width=\"500\" height=\"220\" srcset=\"https:\/\/www.studdiobagni.com.br\/site\/wp-content\/uploads\/2018\/02\/rogeart.png 500w, https:\/\/www.studdiobagni.com.br\/site\/wp-content\/uploads\/2018\/02\/rogeart-300x132.png 300w\" sizes=\"auto, (max-width: 500px) 100vw, 500px\" \t\tclass=\"so-widget-image\"\/>\n<\/div>\n\n<\/div><\/div><\/div><\/div><div id=\"pgc-63-7-2\"  class=\"panel-grid-cell\" ><div id=\"panel-63-7-2-0\" class=\"so-panel widget widget_sow-image panel-first-child\" data-index=\"19\" ><div class=\"panel-widget-style panel-widget-style-for-63-7-2-0\" ><div class=\"so-widget-sow-image so-widget-sow-image-default-813df796d9b1\">\n\n<div class=\"sow-image-container\">\n\t<img loading=\"lazy\" decoding=\"async\" src=\"https:\/\/www.studdiobagni.com.br\/site\/wp-content\/uploads\/2018\/02\/deca.png\" width=\"500\" height=\"220\" srcset=\"https:\/\/www.studdiobagni.com.br\/site\/wp-content\/uploads\/2018\/02\/deca.png 500w, https:\/\/www.studdiobagni.com.br\/site\/wp-content\/uploads\/2018\/02\/deca-300x132.png 300w\" sizes=\"auto, (max-width: 500px) 100vw, 500px\" \t\tclass=\"so-widget-image\"\/>\n<\/div>\n\n<\/div><\/div><\/div><div id=\"panel-63-7-2-1\" class=\"so-panel widget widget_sow-image panel-last-child\" data-index=\"20\" ><div class=\"panel-widget-style panel-widget-style-for-63-7-2-1\" ><div class=\"so-widget-sow-image so-widget-sow-image-default-813df796d9b1\">\n\n<div class=\"sow-image-container\">\n\t<img loading=\"lazy\" decoding=\"async\" src=\"https:\/\/www.studdiobagni.com.br\/site\/wp-content\/uploads\/2018\/02\/rubinettos.png\" width=\"500\" height=\"220\" srcset=\"https:\/\/www.studdiobagni.com.br\/site\/wp-content\/uploads\/2018\/02\/rubinettos.png 500w, https:\/\/www.studdiobagni.com.br\/site\/wp-content\/uploads\/2018\/02\/rubinettos-300x132.png 300w\" sizes=\"auto, (max-width: 500px) 100vw, 500px\" \t\tclass=\"so-widget-image\"\/>\n<\/div>\n\n<\/div><\/div><\/div><\/div><div id=\"pgc-63-7-3\"  class=\"panel-grid-cell\" ><div id=\"panel-63-7-3-0\" class=\"so-panel widget widget_sow-image panel-first-child\" data-index=\"21\" ><div class=\"panel-widget-style panel-widget-style-for-63-7-3-0\" ><div class=\"so-widget-sow-image so-widget-sow-image-default-813df796d9b1\">\n\n<div class=\"sow-image-container\">\n\t<img loading=\"lazy\" decoding=\"async\" src=\"https:\/\/www.studdiobagni.com.br\/site\/wp-content\/uploads\/2018\/02\/doka.png\" width=\"500\" height=\"220\" srcset=\"https:\/\/www.studdiobagni.com.br\/site\/wp-content\/uploads\/2018\/02\/doka.png 500w, https:\/\/www.studdiobagni.com.br\/site\/wp-content\/uploads\/2018\/02\/doka-300x132.png 300w\" sizes=\"auto, (max-width: 500px) 100vw, 500px\" \t\tclass=\"so-widget-image\"\/>\n<\/div>\n\n<\/div><\/div><\/div><div id=\"panel-63-7-3-1\" class=\"so-panel widget widget_sow-image panel-last-child\" data-index=\"22\" ><div class=\"panel-widget-style panel-widget-style-for-63-7-3-1\" ><div class=\"so-widget-sow-image so-widget-sow-image-default-813df796d9b1\">\n\n<div class=\"sow-image-container\">\n\t<img loading=\"lazy\" decoding=\"async\" src=\"https:\/\/www.studdiobagni.com.br\/site\/wp-content\/uploads\/2018\/02\/seccare.png\" width=\"500\" height=\"220\" srcset=\"https:\/\/www.studdiobagni.com.br\/site\/wp-content\/uploads\/2018\/02\/seccare.png 500w, https:\/\/www.studdiobagni.com.br\/site\/wp-content\/uploads\/2018\/02\/seccare-300x132.png 300w\" sizes=\"auto, (max-width: 500px) 100vw, 500px\" \t\tclass=\"so-widget-image\"\/>\n<\/div>\n\n<\/div><\/div><\/div><\/div><div id=\"pgc-63-7-4\"  class=\"panel-grid-cell\" ><div id=\"panel-63-7-4-0\" class=\"so-panel widget widget_sow-image panel-first-child\" data-index=\"23\" ><div class=\"panel-widget-style panel-widget-style-for-63-7-4-0\" ><div class=\"so-widget-sow-image so-widget-sow-image-default-813df796d9b1\">\n\n<div class=\"sow-image-container\">\n\t<img loading=\"lazy\" decoding=\"async\" src=\"https:\/\/www.studdiobagni.com.br\/site\/wp-content\/uploads\/2018\/02\/immersi.png\" width=\"500\" height=\"220\" srcset=\"https:\/\/www.studdiobagni.com.br\/site\/wp-content\/uploads\/2018\/02\/immersi.png 500w, https:\/\/www.studdiobagni.com.br\/site\/wp-content\/uploads\/2018\/02\/immersi-300x132.png 300w\" sizes=\"auto, (max-width: 500px) 100vw, 500px\" \t\tclass=\"so-widget-image\"\/>\n<\/div>\n\n<\/div><\/div><\/div><div id=\"panel-63-7-4-1\" class=\"so-panel widget widget_sow-image panel-last-child\" data-index=\"24\" ><div class=\"panel-widget-style panel-widget-style-for-63-7-4-1\" ><div class=\"so-widget-sow-image so-widget-sow-image-default-813df796d9b1\">\n\n<div class=\"sow-image-container\">\n\t<img loading=\"lazy\" decoding=\"async\" src=\"https:\/\/www.studdiobagni.com.br\/site\/wp-content\/uploads\/2018\/02\/logo-studdio-bagni.png\" width=\"500\" height=\"123\" srcset=\"https:\/\/www.studdiobagni.com.br\/site\/wp-content\/uploads\/2018\/02\/logo-studdio-bagni.png 500w, https:\/\/www.studdiobagni.com.br\/site\/wp-content\/uploads\/2018\/02\/logo-studdio-bagni-300x74.png 300w\" sizes=\"auto, (max-width: 500px) 100vw, 500px\" \t\tclass=\"so-widget-image\"\/>\n<\/div>\n\n<\/div><\/div><\/div><\/div><\/div><\/div><\/div>","protected":false},"excerpt":{"rendered":"<p>1 2 3 4 5 6 7 Inspire-se com a beleza e a versatilidade de produtos que acompanham as tend\u00eancias do design moderno e funcional, proporcionando beleza, harmonia e inova\u00e7\u00e3o. BEL\u00cdSSIMAS Cl\u00e1ssicas ou modernas, Studdio Bagni tem modelos de banheiras assinados por designs reconhecidos mundialmente.\u00a0 Os mais renomados arquitetos incluem em seus projetos os modelos [&hellip;]<\/p>\n","protected":false},"author":1,"featured_media":0,"parent":0,"menu_order":0,"comment_status":"closed","ping_status":"closed","template":"","meta":{"footnotes":""},"class_list":["post-63","page","type-page","status-publish","hentry"],"_links":{"self":[{"href":"https:\/\/www.studdiobagni.com.br\/site\/wp-json\/wp\/v2\/pages\/63","targetHints":{"allow":["GET"]}}],"collection":[{"href":"https:\/\/www.studdiobagni.com.br\/site\/wp-json\/wp\/v2\/pages"}],"about":[{"href":"https:\/\/www.studdiobagni.com.br\/site\/wp-json\/wp\/v2\/types\/page"}],"author":[{"embeddable":true,"href":"https:\/\/www.studdiobagni.com.br\/site\/wp-json\/wp\/v2\/users\/1"}],"replies":[{"embeddable":true,"href":"https:\/\/www.studdiobagni.com.br\/site\/wp-json\/wp\/v2\/comments?post=63"}],"version-history":[{"count":195,"href":"https:\/\/www.studdiobagni.com.br\/site\/wp-json\/wp\/v2\/pages\/63\/revisions"}],"predecessor-version":[{"id":669,"href":"https:\/\/www.studdiobagni.com.br\/site\/wp-json\/wp\/v2\/pages\/63\/revisions\/669"}],"wp:attachment":[{"href":"https:\/\/www.studdiobagni.com.br\/site\/wp-json\/wp\/v2\/media?parent=63"}],"curies":[{"name":"wp","href":"https:\/\/api.w.org\/{rel}","templated":true}]}}